{"id":29,"date":"2024-09-05T08:06:01","date_gmt":"2024-09-05T08:06:01","guid":{"rendered":"https:\/\/skipperhotline.eu\/?page_id=29"},"modified":"2026-04-27T10:29:05","modified_gmt":"2026-04-27T10:29:05","slug":"impressum","status":"publish","type":"page","link":"https:\/\/skipperhotline.eu\/sl\/impressum\/","title":{"rendered":"Impressum"},"content":{"rendered":"\t\t<div data-elementor-type=\"wp-page\" data-elementor-id=\"29\" class=\"elementor elementor-29\" data-elementor-post-type=\"page\">\n\t\t\t\t<div class=\"elementor-element elementor-element-0f84913 e-flex e-con-boxed e-con e-parent\" data-id=\"0f84913\" data-element_type=\"container\" data-e-type=\"container\">\n\t\t\t\t\t<div class=\"e-con-inner\">\n\t\t<div class=\"elementor-element elementor-element-770cc5e e-con-full e-flex e-con e-child\" data-id=\"770cc5e\" data-element_type=\"container\" data-e-type=\"container\">\n\t\t\t\t<div class=\"elementor-element elementor-element-3976ca8 elementor-widget elementor-widget-heading\" data-id=\"3976ca8\" data-element_type=\"widget\" data-e-type=\"widget\" data-widget_type=\"heading.default\">\n\t\t\t\t\t<h2 class=\"elementor-heading-title elementor-size-default\">Impressum<\/h2>\t\t\t\t<\/div>\n\t\t\t\t<\/div>\n\t\t\t\t<div class=\"elementor-element elementor-element-6871b64 elementor-widget elementor-widget-text-editor\" data-id=\"6871b64\" data-element_type=\"widget\" data-e-type=\"widget\" data-widget_type=\"text-editor.default\">\n\t\t\t\t\t\t\t\t\t<p><strong>Impressum<\/strong><br \/>PARAS, OBRT ZA DIZAJN, Owner: FILIP \u0110URI\u0106, \u010cAVLE, BOKI 15<\/p><p><strong>Main activity:<\/strong> <br \/>Specialized design activities<\/p><p><strong>Owner<\/strong><br \/>Surname and name: \u0110URI\u0106 FILIP<\/p><p><strong>Name of business:<\/strong> <br \/>PARAS, OBRT ZA DIZAJN, Owner: FILIP \u0110URI\u0106, \u010cAVLE, BOKI 15<\/p><p><strong>Type of business:<\/strong> <br \/>Specialized design activities<\/p><p><strong>Business status:<\/strong> <br \/>Active<\/p><p><strong>Operation:<\/strong> <br \/>Throughout the whole year<\/p><p><strong>MBO:<br \/><\/strong> 97813567<\/p><p><strong>Registry number:<\/strong> <br \/>14478<\/p><p><strong>Craft certificate number:<\/strong> <br \/>08010014478<\/p><p><strong>Administrative authority:<\/strong> <br \/>Administrative Department for Tourism, Entrepreneurship, and Rural Development (Rijeka)<\/p><p><strong>Business start date:<\/strong> <br \/>01.12.2017<\/p><p><strong>Business end date:<\/strong> <br \/>&#8211;<\/p><p><strong>Street:<\/strong> <br \/>BOKI 15<\/p><p><strong>Settlement:<\/strong> <br \/>\u010cAVLE<\/p><p><strong>Municipality \/ city:<\/strong> <br \/>\u010cAVLE<\/p>\t\t\t\t\t\t\t\t<\/div>\n\t\t\t\t\t<\/div>\n\t\t\t\t<\/div>\n\t\t<div class=\"elementor-element elementor-element-4d3b29c e-con-full elementor-hidden-tablet elementor-hidden-mobile e-flex e-con e-parent\" data-id=\"4d3b29c\" data-element_type=\"container\" data-e-type=\"container\">\n\t\t<div class=\"elementor-element elementor-element-8b6c654 e-con-full e-flex e-con e-child\" data-id=\"8b6c654\" data-element_type=\"container\" data-e-type=\"container\" data-settings=\"{&quot;background_background&quot;:&quot;classic&quot;}\">\n\t\t\t\t<\/div>\n\t\t<div class=\"elementor-element elementor-element-6c9d1b5 e-con-full e-flex e-con e-child\" data-id=\"6c9d1b5\" data-element_type=\"container\" data-e-type=\"container\" data-settings=\"{&quot;background_background&quot;:&quot;classic&quot;}\">\n\t\t\t\t<\/div>\n\t\t\t\t<\/div>\n\t\t<div class=\"elementor-element elementor-element-4898faf e-flex e-con-boxed e-con e-parent\" data-id=\"4898faf\" data-element_type=\"container\" data-e-type=\"container\">\n\t\t\t\t\t<div class=\"e-con-inner\">\n\t\t<div class=\"elementor-element elementor-element-a380896 e-con-full e-flex e-con e-child\" data-id=\"a380896\" data-element_type=\"container\" data-e-type=\"container\" data-settings=\"{&quot;background_background&quot;:&quot;classic&quot;}\">\n\t\t\t\t<div class=\"elementor-element elementor-element-2561599 elementor-widget elementor-widget-heading\" data-id=\"2561599\" data-element_type=\"widget\" data-e-type=\"widget\" data-widget_type=\"heading.default\">\n\t\t\t\t\t<h2 class=\"elementor-heading-title elementor-size-default\">Contact us<\/h2>\t\t\t\t<\/div>\n\t\t\t\t<div class=\"elementor-element elementor-element-382a417 elementor-button-align-end elementor-mobile-button-align-stretch elementor-widget elementor-widget-form\" data-id=\"382a417\" data-element_type=\"widget\" data-e-type=\"widget\" id=\"skipper-contact-us\" data-settings=\"{&quot;step_next_label&quot;:&quot;Next&quot;,&quot;step_previous_label&quot;:&quot;Previous&quot;,&quot;button_width&quot;:&quot;100&quot;,&quot;step_type&quot;:&quot;number_text&quot;,&quot;step_icon_shape&quot;:&quot;circle&quot;}\" data-widget_type=\"form.default\">\n\t\t\t\t\t\t\t<form class=\"elementor-form\" method=\"post\" name=\"Contact Us\" aria-label=\"Contact Us\">\n\t\t\t<input type=\"hidden\" name=\"post_id\" value=\"29\"\/>\n\t\t\t<input type=\"hidden\" name=\"form_id\" value=\"382a417\"\/>\n\t\t\t<input type=\"hidden\" name=\"referer_title\" value=\"Impressum - Skipper Hotline &amp; Boat Booking Croatia\" \/>\n\n\t\t\t\t\t\t\t<input type=\"hidden\" name=\"queried_id\" value=\"29\"\/>\n\t\t\t\n\t\t\t<div class=\"elementor-form-fields-wrapper elementor-labels-above\">\n\t\t\t\t\t\t\t\t<div class=\"elementor-field-type-text elementor-field-group elementor-column elementor-field-group-name elementor-col-100\">\n\t\t\t\t\t\t\t\t\t\t\t\t<label for=\"form-field-name\" class=\"elementor-field-label\">\n\t\t\t\t\t\t\t\tNAME\t\t\t\t\t\t\t<\/label>\n\t\t\t\t\t\t\t\t\t\t\t\t\t\t<input size=\"1\" type=\"text\" name=\"form_fields[name]\" id=\"form-field-name\" class=\"elementor-field elementor-size-sm  elementor-field-textual\" placeholder=\"Your full name\">\n\t\t\t\t\t\t\t\t\t\t\t<\/div>\n\t\t\t\t\t\t\t\t<div class=\"elementor-field-type-email elementor-field-group elementor-column elementor-field-group-email elementor-col-100 elementor-field-required\">\n\t\t\t\t\t\t\t\t\t\t\t\t<label for=\"form-field-email\" class=\"elementor-field-label\">\n\t\t\t\t\t\t\t\tEMAIL\t\t\t\t\t\t\t<\/label>\n\t\t\t\t\t\t\t\t\t\t\t\t\t\t<input size=\"1\" type=\"email\" name=\"form_fields[email]\" id=\"form-field-email\" class=\"elementor-field elementor-size-sm  elementor-field-textual\" placeholder=\"Your email\" required=\"required\">\n\t\t\t\t\t\t\t\t\t\t\t<\/div>\n\t\t\t\t\t\t\t\t<div class=\"elementor-field-type-textarea elementor-field-group elementor-column elementor-field-group-message elementor-col-100\">\n\t\t\t\t\t\t\t\t\t\t\t\t<label for=\"form-field-message\" class=\"elementor-field-label\">\n\t\t\t\t\t\t\t\tMESSAGE\t\t\t\t\t\t\t<\/label>\n\t\t\t\t\t\t<textarea class=\"elementor-field-textual elementor-field  elementor-size-sm\" name=\"form_fields[message]\" id=\"form-field-message\" rows=\"4\" placeholder=\"Your message\"><\/textarea>\t\t\t\t<\/div>\n\t\t\t\t\t\t\t\t<div class=\"elementor-field-type-acceptance elementor-field-group elementor-column elementor-field-group-field_ee539a5 elementor-col-100 elementor-field-required\">\n\t\t\t\t\t\t\t<div class=\"elementor-field-subgroup\">\n\t\t\t<span class=\"elementor-field-option\">\n\t\t\t\t<input type=\"checkbox\" name=\"form_fields[field_ee539a5]\" id=\"form-field-field_ee539a5\" class=\"elementor-field elementor-size-sm  elementor-acceptance-field\" required=\"required\">\n\t\t\t\t<label for=\"form-field-field_ee539a5\">By clicking, you agree to the Privacy policy<\/label>\t\t\t<\/span>\n\t\t<\/div>\n\t\t\t\t\t\t<\/div>\n\t\t\t\t\t\t\t\t<div class=\"elementor-field-group elementor-column elementor-field-type-submit elementor-col-100 e-form__buttons\">\n\t\t\t\t\t<button class=\"elementor-button elementor-size-sm\" type=\"submit\">\n\t\t\t\t\t\t<span class=\"elementor-button-content-wrapper\">\n\t\t\t\t\t\t\t\t\t\t\t\t\t\t\t\t\t\t\t\t\t\t<span class=\"elementor-button-text\">SUBMIT<\/span>\n\t\t\t\t\t\t\t\t\t\t\t\t\t<\/span>\n\t\t\t\t\t<\/button>\n\t\t\t\t<\/div>\n\t\t\t<\/div>\n\t\t<\/form>\n\t\t\t\t\t\t<\/div>\n\t\t\t\t<\/div>\n\t\t<div class=\"elementor-element elementor-element-dbce818 e-con-full e-flex e-con e-child\" data-id=\"dbce818\" data-element_type=\"container\" data-e-type=\"container\" data-settings=\"{&quot;background_background&quot;:&quot;classic&quot;}\">\n\t\t<div class=\"elementor-element elementor-element-7f80293 e-con-full e-flex e-con e-child\" data-id=\"7f80293\" data-element_type=\"container\" data-e-type=\"container\">\n\t\t\t\t<div class=\"elementor-element elementor-element-3f0f133 elementor-widget elementor-widget-heading\" data-id=\"3f0f133\" data-element_type=\"widget\" data-e-type=\"widget\" data-widget_type=\"heading.default\">\n\t\t\t\t\t<h2 class=\"elementor-heading-title elementor-size-default\">GENERAL INFO<\/h2>\t\t\t\t<\/div>\n\t\t\t\t<div class=\"elementor-element elementor-element-4bf4981 elementor-widget elementor-widget-text-editor\" data-id=\"4bf4981\" data-element_type=\"widget\" data-e-type=\"widget\" data-widget_type=\"text-editor.default\">\n\t\t\t\t\t\t\t\t\t<p><a href=\"mailto:info@skipperhotline.eu\"><span style=\"white-space-collapse: preserve;\">info@skipperhotline.eu<\/span><\/a><\/p>\t\t\t\t\t\t\t\t<\/div>\n\t\t\t\t<\/div>\n\t\t<div class=\"elementor-element elementor-element-4d815a7 e-con-full e-flex e-con e-child\" data-id=\"4d815a7\" data-element_type=\"container\" data-e-type=\"container\">\n\t\t\t\t<div class=\"elementor-element elementor-element-0174100 elementor-widget elementor-widget-heading\" data-id=\"0174100\" data-element_type=\"widget\" data-e-type=\"widget\" data-widget_type=\"heading.default\">\n\t\t\t\t\t<h2 class=\"elementor-heading-title elementor-size-default\">BOOKING<\/h2>\t\t\t\t<\/div>\n\t\t\t\t<div class=\"elementor-element elementor-element-b3a715f elementor-widget elementor-widget-text-editor\" data-id=\"b3a715f\" data-element_type=\"widget\" data-e-type=\"widget\" data-widget_type=\"text-editor.default\">\n\t\t\t\t\t\t\t\t\t<a href=\"mailto:booking@skipperhotline.eu\"><span style=\"white-space-collapse: preserve;\">booking@skipperhotline.eu<\/span><\/a>\t\t\t\t\t\t\t\t<\/div>\n\t\t\t\t<\/div>\n\t\t<div class=\"elementor-element elementor-element-564cbbc e-con-full e-flex e-con e-child\" data-id=\"564cbbc\" data-element_type=\"container\" data-e-type=\"container\">\n\t\t\t\t<div class=\"elementor-element elementor-element-8c7760d elementor-widget elementor-widget-heading\" data-id=\"8c7760d\" data-element_type=\"widget\" data-e-type=\"widget\" data-widget_type=\"heading.default\">\n\t\t\t\t\t<h2 class=\"elementor-heading-title elementor-size-default\">PHONE\/WHATSAPP<\/h2>\t\t\t\t<\/div>\n\t\t\t\t<div class=\"elementor-element elementor-element-e167887 elementor-widget elementor-widget-text-editor\" data-id=\"e167887\" data-element_type=\"widget\" data-e-type=\"widget\" data-widget_type=\"text-editor.default\">\n\t\t\t\t\t\t\t\t\t<p><a href=\"tel:00385985555464\"><span style=\"white-space-collapse: preserve;\">+385 (0) 98 555 5464<\/span><\/a><\/p>\t\t\t\t\t\t\t\t<\/div>\n\t\t\t\t<\/div>\n\t\t\t\t<\/div>\n\t\t\t\t\t<\/div>\n\t\t\t\t<\/div>\n\t\t\t\t<\/div>\n\t\t","protected":false},"excerpt":{"rendered":"<p>Impressum ImpressumPARAS, OBRT ZA DIZAJN, Owner: FILIP \u0110URI\u0106, \u010cAVLE, BOKI 15 Main activity: Specialized design activities OwnerSurname and name: \u0110URI\u0106 FILIP Name of business: PARAS, OBRT ZA DIZAJN, Owner: FILIP \u0110URI\u0106, \u010cAVLE, BOKI 15 Type of business: Specialized design activities Business status: Active Operation: Throughout the whole year MBO: 97813567 Registry number: 14478 Craft certificate [&hellip;]<\/p>\n","protected":false},"author":1,"featured_media":0,"parent":0,"menu_order":0,"comment_status":"closed","ping_status":"closed","template":"","meta":{"_angie_page":false,"inline_featured_image":false,"footnotes":""},"class_list":["post-29","page","type-page","status-publish","hentry"],"yoast_head":"<!-- This site is optimized with the Yoast SEO plugin v27.4 - https:\/\/yoast.com\/product\/yoast-seo-wordpress\/ -->\n<title>Impressum - Skipper Hotline &amp; Boat Booking Croatia<\/title>\n<meta name=\"description\" content=\"Find the legal notice and company information for Skipperhotline. Learn about our business details, contact information, and compliance with legal requirements.\" \/>\n<meta name=\"robots\" content=\"index, follow, max-snippet:-1, max-image-preview:large, max-video-preview:-1\" \/>\n<link rel=\"canonical\" href=\"https:\/\/skipperhotline.eu\/sl\/impressum\/\" \/>\n<meta property=\"og:locale\" content=\"sl_SI\" \/>\n<meta property=\"og:type\" content=\"article\" \/>\n<meta property=\"og:title\" content=\"Impressum - Skipper Hotline &amp; Boat Booking Croatia\" \/>\n<meta property=\"og:description\" content=\"Find the legal notice and company information for Skipperhotline. Learn about our business details, contact information, and compliance with legal requirements.\" \/>\n<meta property=\"og:url\" content=\"https:\/\/skipperhotline.eu\/sl\/impressum\/\" \/>\n<meta property=\"og:site_name\" content=\"Skipperhotline &amp; Boat Booking Croatia\" \/>\n<meta property=\"article:publisher\" content=\"https:\/\/www.facebook.com\/skipper.hotline\" \/>\n<meta property=\"article:modified_time\" content=\"2026-04-27T10:29:05+00:00\" \/>\n<meta property=\"og:image\" content=\"https:\/\/skipperhotline.eu\/wp-content\/uploads\/2024\/11\/link-preview-02.jpg\" \/>\n\t<meta property=\"og:image:width\" content=\"1200\" \/>\n\t<meta property=\"og:image:height\" content=\"675\" \/>\n\t<meta property=\"og:image:type\" content=\"image\/jpeg\" \/>\n<meta name=\"twitter:card\" content=\"summary_large_image\" \/>\n<meta name=\"twitter:title\" content=\"Impressum - Skipper Hotline &amp; Boat Booking Croatia\" \/>\n<meta name=\"twitter:description\" content=\"Find the legal notice and company information for Skipperhotline. Learn about our business details, contact information, and compliance with legal requirements.\" \/>\n<meta name=\"twitter:image\" content=\"https:\/\/skipperhotline.eu\/wp-content\/uploads\/2024\/11\/link-preview-02.jpg\" \/>\n<meta name=\"twitter:label1\" content=\"Est. reading time\" \/>\n\t<meta name=\"twitter:data1\" content=\"1 minuta\" \/>\n<script type=\"application\/ld+json\" class=\"yoast-schema-graph\">{\"@context\":\"https:\\\/\\\/schema.org\",\"@graph\":[{\"@type\":\"WebPage\",\"@id\":\"https:\\\/\\\/skipperhotline.eu\\\/impressum\\\/\",\"url\":\"https:\\\/\\\/skipperhotline.eu\\\/impressum\\\/\",\"name\":\"Impressum - Skipper Hotline & Boat Booking Croatia\",\"isPartOf\":{\"@id\":\"https:\\\/\\\/skipperhotline.eu\\\/#website\"},\"datePublished\":\"2024-09-05T08:06:01+00:00\",\"dateModified\":\"2026-04-27T10:29:05+00:00\",\"description\":\"Find the legal notice and company information for Skipperhotline. Learn about our business details, contact information, and compliance with legal requirements.\",\"breadcrumb\":{\"@id\":\"https:\\\/\\\/skipperhotline.eu\\\/impressum\\\/#breadcrumb\"},\"inLanguage\":\"sl-SI\",\"potentialAction\":[{\"@type\":\"ReadAction\",\"target\":[\"https:\\\/\\\/skipperhotline.eu\\\/impressum\\\/\"]}]},{\"@type\":\"BreadcrumbList\",\"@id\":\"https:\\\/\\\/skipperhotline.eu\\\/impressum\\\/#breadcrumb\",\"itemListElement\":[{\"@type\":\"ListItem\",\"position\":1,\"name\":\"Home\",\"item\":\"https:\\\/\\\/skipperhotline.eu\\\/\"},{\"@type\":\"ListItem\",\"position\":2,\"name\":\"Impressum\"}]},{\"@type\":\"WebSite\",\"@id\":\"https:\\\/\\\/skipperhotline.eu\\\/#website\",\"url\":\"https:\\\/\\\/skipperhotline.eu\\\/\",\"name\":\"Skipper Hotline & Boat Booking Croatia\",\"description\":\"Sail with Confidence\",\"publisher\":{\"@id\":\"https:\\\/\\\/skipperhotline.eu\\\/#organization\"},\"potentialAction\":[{\"@type\":\"SearchAction\",\"target\":{\"@type\":\"EntryPoint\",\"urlTemplate\":\"https:\\\/\\\/skipperhotline.eu\\\/?s={search_term_string}\"},\"query-input\":{\"@type\":\"PropertyValueSpecification\",\"valueRequired\":true,\"valueName\":\"search_term_string\"}}],\"inLanguage\":\"sl-SI\"},{\"@type\":\"Organization\",\"@id\":\"https:\\\/\\\/skipperhotline.eu\\\/#organization\",\"name\":\"Skipperhotline & Boat Booking Croatia\",\"url\":\"https:\\\/\\\/skipperhotline.eu\\\/\",\"logo\":{\"@type\":\"ImageObject\",\"inLanguage\":\"sl-SI\",\"@id\":\"https:\\\/\\\/skipperhotline.eu\\\/#\\\/schema\\\/logo\\\/image\\\/\",\"url\":\"https:\\\/\\\/skipperhotline.eu\\\/wp-content\\\/uploads\\\/2024\\\/09\\\/site-icon.png\",\"contentUrl\":\"https:\\\/\\\/skipperhotline.eu\\\/wp-content\\\/uploads\\\/2024\\\/09\\\/site-icon.png\",\"width\":512,\"height\":512,\"caption\":\"Skipperhotline & Boat Booking Croatia\"},\"image\":{\"@id\":\"https:\\\/\\\/skipperhotline.eu\\\/#\\\/schema\\\/logo\\\/image\\\/\"},\"sameAs\":[\"https:\\\/\\\/www.facebook.com\\\/skipper.hotline\",\"https:\\\/\\\/www.instagram.com\\\/skipper_hotline\\\/\"]}]}<\/script>\n<!-- \/ Yoast SEO plugin. -->","yoast_head_json":{"title":"Impressum - Skipper Hotline & Boat Booking Croatia","description":"Find the legal notice and company information for Skipperhotline. Learn about our business details, contact information, and compliance with legal requirements.","robots":{"index":"index","follow":"follow","max-snippet":"max-snippet:-1","max-image-preview":"max-image-preview:large","max-video-preview":"max-video-preview:-1"},"canonical":"https:\/\/skipperhotline.eu\/sl\/impressum\/","og_locale":"sl_SI","og_type":"article","og_title":"Impressum - Skipper Hotline & Boat Booking Croatia","og_description":"Find the legal notice and company information for Skipperhotline. Learn about our business details, contact information, and compliance with legal requirements.","og_url":"https:\/\/skipperhotline.eu\/sl\/impressum\/","og_site_name":"Skipperhotline &amp; Boat Booking Croatia","article_publisher":"https:\/\/www.facebook.com\/skipper.hotline","article_modified_time":"2026-04-27T10:29:05+00:00","og_image":[{"width":1200,"height":675,"url":"https:\/\/skipperhotline.eu\/wp-content\/uploads\/2024\/11\/link-preview-02.jpg","type":"image\/jpeg"}],"twitter_card":"summary_large_image","twitter_title":"Impressum - Skipper Hotline & Boat Booking Croatia","twitter_description":"Find the legal notice and company information for Skipperhotline. Learn about our business details, contact information, and compliance with legal requirements.","twitter_image":"https:\/\/skipperhotline.eu\/wp-content\/uploads\/2024\/11\/link-preview-02.jpg","twitter_misc":{"Est. reading time":"1 minuta"},"schema":{"@context":"https:\/\/schema.org","@graph":[{"@type":"WebPage","@id":"https:\/\/skipperhotline.eu\/impressum\/","url":"https:\/\/skipperhotline.eu\/impressum\/","name":"Impressum - Skipper Hotline & Boat Booking Croatia","isPartOf":{"@id":"https:\/\/skipperhotline.eu\/#website"},"datePublished":"2024-09-05T08:06:01+00:00","dateModified":"2026-04-27T10:29:05+00:00","description":"Find the legal notice and company information for Skipperhotline. Learn about our business details, contact information, and compliance with legal requirements.","breadcrumb":{"@id":"https:\/\/skipperhotline.eu\/impressum\/#breadcrumb"},"inLanguage":"sl-SI","potentialAction":[{"@type":"ReadAction","target":["https:\/\/skipperhotline.eu\/impressum\/"]}]},{"@type":"BreadcrumbList","@id":"https:\/\/skipperhotline.eu\/impressum\/#breadcrumb","itemListElement":[{"@type":"ListItem","position":1,"name":"Home","item":"https:\/\/skipperhotline.eu\/"},{"@type":"ListItem","position":2,"name":"Impressum"}]},{"@type":"WebSite","@id":"https:\/\/skipperhotline.eu\/#website","url":"https:\/\/skipperhotline.eu\/","name":"Skipper Hotline & Boat Booking Croatia","description":"Sail with Confidence","publisher":{"@id":"https:\/\/skipperhotline.eu\/#organization"},"potentialAction":[{"@type":"SearchAction","target":{"@type":"EntryPoint","urlTemplate":"https:\/\/skipperhotline.eu\/?s={search_term_string}"},"query-input":{"@type":"PropertyValueSpecification","valueRequired":true,"valueName":"search_term_string"}}],"inLanguage":"sl-SI"},{"@type":"Organization","@id":"https:\/\/skipperhotline.eu\/#organization","name":"Skipperhotline & Boat Booking Croatia","url":"https:\/\/skipperhotline.eu\/","logo":{"@type":"ImageObject","inLanguage":"sl-SI","@id":"https:\/\/skipperhotline.eu\/#\/schema\/logo\/image\/","url":"https:\/\/skipperhotline.eu\/wp-content\/uploads\/2024\/09\/site-icon.png","contentUrl":"https:\/\/skipperhotline.eu\/wp-content\/uploads\/2024\/09\/site-icon.png","width":512,"height":512,"caption":"Skipperhotline & Boat Booking Croatia"},"image":{"@id":"https:\/\/skipperhotline.eu\/#\/schema\/logo\/image\/"},"sameAs":["https:\/\/www.facebook.com\/skipper.hotline","https:\/\/www.instagram.com\/skipper_hotline\/"]}]}},"_links":{"self":[{"href":"https:\/\/skipperhotline.eu\/sl\/wp-json\/wp\/v2\/pages\/29","targetHints":{"allow":["GET"]}}],"collection":[{"href":"https:\/\/skipperhotline.eu\/sl\/wp-json\/wp\/v2\/pages"}],"about":[{"href":"https:\/\/skipperhotline.eu\/sl\/wp-json\/wp\/v2\/types\/page"}],"author":[{"embeddable":true,"href":"https:\/\/skipperhotline.eu\/sl\/wp-json\/wp\/v2\/users\/1"}],"replies":[{"embeddable":true,"href":"https:\/\/skipperhotline.eu\/sl\/wp-json\/wp\/v2\/comments?post=29"}],"version-history":[{"count":37,"href":"https:\/\/skipperhotline.eu\/sl\/wp-json\/wp\/v2\/pages\/29\/revisions"}],"predecessor-version":[{"id":3181,"href":"https:\/\/skipperhotline.eu\/sl\/wp-json\/wp\/v2\/pages\/29\/revisions\/3181"}],"wp:attachment":[{"href":"https:\/\/skipperhotline.eu\/sl\/wp-json\/wp\/v2\/media?parent=29"}],"curies":[{"name":"wp","href":"https:\/\/api.w.org\/{rel}","templated":true}]}}