{"id":15,"date":"2024-09-05T08:04:13","date_gmt":"2024-09-05T08:04:13","guid":{"rendered":"https:\/\/skipperhotline.eu\/?page_id=15"},"modified":"2025-06-10T16:55:39","modified_gmt":"2025-06-10T16:55:39","slug":"about-us","status":"publish","type":"page","link":"https:\/\/skipperhotline.eu\/hr\/about-us\/","title":{"rendered":"O nama"},"content":{"rendered":"<div data-elementor-type=\"wp-page\" data-elementor-id=\"15\" class=\"elementor elementor-15\" data-elementor-post-type=\"page\">\n\t\t\t\t<div class=\"elementor-element elementor-element-b77b525 e-flex e-con-boxed e-con e-parent\" data-id=\"b77b525\" data-element_type=\"container\">\n\t\t\t\t\t<div class=\"e-con-inner\">\n\t\t\t\t<div class=\"elementor-element elementor-element-78a94a2 elementor-widget elementor-widget-video\" data-id=\"78a94a2\" data-element_type=\"widget\" data-settings=\"{&quot;youtube_url&quot;:&quot;https:\\\/\\\/www.youtube.com\\\/watch?v=oq6yThIe9ZM&amp;t=10s&quot;,&quot;video_type&quot;:&quot;youtube&quot;,&quot;controls&quot;:&quot;yes&quot;}\" data-widget_type=\"video.default\">\n\t\t\t\t\t\t\t<div class=\"elementor-wrapper elementor-open-inline\">\n\t\t\t<div class=\"elementor-video\"><\/div>\t\t<\/div>\n\t\t\t\t\t\t<\/div>\n\t\t\t\t\t<\/div>\n\t\t\t\t<\/div>\n\t\t<div class=\"elementor-element elementor-element-51bf6fe e-flex e-con-boxed e-con e-parent\" data-id=\"51bf6fe\" data-element_type=\"container\">\n\t\t\t\t\t<div class=\"e-con-inner\">\n\t\t<div class=\"elementor-element elementor-element-18ec126 e-con-full e-flex e-con e-child\" data-id=\"18ec126\" data-element_type=\"container\">\n\t\t\t\t<div class=\"elementor-element elementor-element-7cae4e1 elementor-hidden-desktop elementor-hidden-tablet elementor-widget elementor-widget-heading\" data-id=\"7cae4e1\" data-element_type=\"widget\" data-widget_type=\"heading.default\">\n\t\t\t\t\t<h2 class=\"elementor-heading-title elementor-size-default\">O nama<\/h2>\t\t\t\t<\/div>\n\t\t\t\t<div class=\"elementor-element elementor-element-8d70e1b elementor-widget elementor-widget-image\" data-id=\"8d70e1b\" data-element_type=\"widget\" data-widget_type=\"image.default\">\n\t\t\t\t\t\t\t\t\t\t\t\t\t\t\t<img fetchpriority=\"high\" decoding=\"async\" width=\"316\" height=\"316\" src=\"https:\/\/skipperhotline.eu\/wp-content\/uploads\/2024\/09\/filip.png\" class=\"attachment-large size-large wp-image-1041\" alt=\"Filip Duric\" srcset=\"https:\/\/skipperhotline.eu\/wp-content\/uploads\/2024\/09\/filip.png 316w, https:\/\/skipperhotline.eu\/wp-content\/uploads\/2024\/09\/filip-300x300.png 300w, https:\/\/skipperhotline.eu\/wp-content\/uploads\/2024\/09\/filip-150x150.png 150w\" sizes=\"(max-width: 316px) 100vw, 316px\" \/>\t\t\t\t\t\t\t\t\t\t\t\t\t\t\t<\/div>\n\t\t\t\t<div class=\"elementor-element elementor-element-b3e5c84 elementor-widget elementor-widget-text-editor\" data-id=\"b3e5c84\" data-element_type=\"widget\" data-widget_type=\"text-editor.default\">\n\t\t\t\t\t\t\t\t\t<p>Ime: Filip \u0110uri\u0107<br \/>Starost: 32<br \/>Jezici: engleski, slovenski, hrvatski<br \/>Profesionalni skipper: od 2014.<br \/>Jedrili\u010darsko iskustvo: cjelo\u017eivotno\u200b<\/p>\t\t\t\t\t\t\t\t<\/div>\n\t\t\t\t<\/div>\n\t\t<div class=\"elementor-element elementor-element-69644a4 e-con-full e-flex e-con e-child\" data-id=\"69644a4\" data-element_type=\"container\">\n\t\t\t\t<div class=\"elementor-element elementor-element-4e36da7 elementor-hidden-mobile elementor-widget elementor-widget-heading\" data-id=\"4e36da7\" data-element_type=\"widget\" data-widget_type=\"heading.default\">\n\t\t\t\t\t<h2 class=\"elementor-heading-title elementor-size-default\">O nama<\/h2>\t\t\t\t<\/div>\n\t\t\t\t<div class=\"elementor-element elementor-element-e856100 elementor-widget elementor-widget-text-editor\" data-id=\"e856100\" data-element_type=\"widget\" data-widget_type=\"text-editor.default\">\n\t\t\t\t\t\t\t\t\tTrenutno, Skipper HOTLINE \ndjeluje kao jedno\u010dlana operacija. \nJa sam Filip \u0110uri\u0107, imam 32 \ngodine i dolazim iz Rijeke. Jedrim \nsa obitelji od djetinjstva a s 19 \ngodina sam po\u010deo samostalno \njedriti. U dobi od 22 godine \netablirao sam se kao \nprofesionalni skipper, instruktor \njedrenja i trener skippera. Radio \nsam s brojnim charterima u \nHrvatskoj i odr\u017eavao teoretske i \nprakti\u010dne treninge jedrenja i \nskipperskih vje\u0161tina u Sloveniji i \nHrvatskoj. Ovi programi imaju za \ncilj ne samo pripremiti nove \nmornare za njihove ispite, ve\u0107 \n\u0161to je jo\u0161 va\u017enije, opremiti ih \nvje\u0161tinama i znanjem potrebnim \nza sigurno jedrenje Jadranskim \nmorem.\u200b<br\/><br\/>\nPokretanjem Skipper HOTLINE-a \nkao sljede\u0107eg poglavlja u mojoj \njedrili\u010darskoj karijeri, posve\u0107en sam vo\u0111enju amaterskih \nskippera  kroz sve \u010dari jedrenja. \nKrenite na ovu uzbudljivu \navanturu sa mnom i jedrite puni \nsamopouzdanja  i veselja kao \nnikada prije!\t\t\t\t\t\t\t\t<\/div>\n\t\t\t\t<\/div>\n\t\t\t\t\t<\/div>\n\t\t\t\t<\/div>\n\t\t<div class=\"elementor-element elementor-element-b496d08 e-con-full elementor-hidden-tablet elementor-hidden-mobile e-flex e-con e-parent\" data-id=\"b496d08\" data-element_type=\"container\">\n\t\t<div class=\"elementor-element elementor-element-a3042fe e-con-full e-flex e-con e-child\" data-id=\"a3042fe\" data-element_type=\"container\" data-settings=\"{&quot;background_background&quot;:&quot;classic&quot;}\">\n\t\t\t\t<\/div>\n\t\t<div class=\"elementor-element elementor-element-12945c0 e-con-full e-flex e-con e-child\" data-id=\"12945c0\" data-element_type=\"container\" data-settings=\"{&quot;background_background&quot;:&quot;classic&quot;}\">\n\t\t\t\t<\/div>\n\t\t\t\t<\/div>\n\t\t<div class=\"elementor-element elementor-element-3804df3 e-flex e-con-boxed e-con e-parent\" data-id=\"3804df3\" data-element_type=\"container\" id=\"contact\">\n\t\t\t\t\t<div class=\"e-con-inner\">\n\t\t<div class=\"elementor-element elementor-element-2186fb5 e-con-full e-flex e-con e-child\" data-id=\"2186fb5\" data-element_type=\"container\" data-settings=\"{&quot;background_background&quot;:&quot;classic&quot;}\">\n\t\t\t\t<div class=\"elementor-element elementor-element-09d96e2 elementor-widget elementor-widget-heading\" data-id=\"09d96e2\" data-element_type=\"widget\" data-widget_type=\"heading.default\">\n\t\t\t\t\t<h2 class=\"elementor-heading-title elementor-size-default\">Kontakt<\/h2>\t\t\t\t<\/div>\n\t\t\t\t<div class=\"elementor-element elementor-element-48f407d elementor-button-align-end elementor-mobile-button-align-stretch elementor-widget elementor-widget-form\" data-id=\"48f407d\" data-element_type=\"widget\" id=\"skipper-contact-us\" data-settings=\"{&quot;step_next_label&quot;:&quot;Next&quot;,&quot;step_previous_label&quot;:&quot;Previous&quot;,&quot;button_width&quot;:&quot;100&quot;,&quot;step_type&quot;:&quot;number_text&quot;,&quot;step_icon_shape&quot;:&quot;circle&quot;}\" data-widget_type=\"form.default\">\n\t\t\t\t\t\t\t<form class=\"elementor-form\" method=\"post\" name=\"Contact Us\" aria-label=\"Contact Us\" action=\"\">\n\t\t\t<input type=\"hidden\" name=\"post_id\" value=\"15\"\/>\n\t\t\t<input type=\"hidden\" name=\"form_id\" value=\"48f407d\"\/>\n\t\t\t<input type=\"hidden\" name=\"referer_title\" value=\"About Us - Skipper Hotline &amp; Boat Booking Croatia\" \/>\n\n\t\t\t\t\t\t\t<input type=\"hidden\" name=\"queried_id\" value=\"15\"\/>\n\t\t\t\n\t\t\t<div class=\"elementor-form-fields-wrapper elementor-labels-above\">\n\t\t\t\t\t\t\t\t<div class=\"elementor-field-type-text elementor-field-group elementor-column elementor-field-group-name elementor-col-100\">\n\t\t\t\t\t\t\t\t\t\t\t\t<label for=\"form-field-name\" class=\"elementor-field-label\">\n\t\t\t\t\t\t\t\tIME\t\t\t\t\t\t\t<\/label>\n\t\t\t\t\t\t\t\t\t\t\t\t\t\t<input size=\"1\" type=\"text\" name=\"form_fields[name]\" id=\"form-field-name\" class=\"elementor-field elementor-size-sm  elementor-field-textual\" placeholder=\"Va\u0161e puno ime\">\n\t\t\t\t\t\t\t\t\t\t\t<\/div>\n\t\t\t\t\t\t\t\t<div class=\"elementor-field-type-email elementor-field-group elementor-column elementor-field-group-email elementor-col-100 elementor-field-required\">\n\t\t\t\t\t\t\t\t\t\t\t\t<label for=\"form-field-email\" class=\"elementor-field-label\">\n\t\t\t\t\t\t\t\tE-MAIL\t\t\t\t\t\t\t<\/label>\n\t\t\t\t\t\t\t\t\t\t\t\t\t\t<input size=\"1\" type=\"email\" name=\"form_fields[email]\" id=\"form-field-email\" class=\"elementor-field elementor-size-sm  elementor-field-textual\" placeholder=\"Va\u0161a e-mail adresa\" required=\"required\">\n\t\t\t\t\t\t\t\t\t\t\t<\/div>\n\t\t\t\t\t\t\t\t<div class=\"elementor-field-type-textarea elementor-field-group elementor-column elementor-field-group-message elementor-col-100\">\n\t\t\t\t\t\t\t\t\t\t\t\t<label for=\"form-field-message\" class=\"elementor-field-label\">\n\t\t\t\t\t\t\t\tPORUKA\t\t\t\t\t\t\t<\/label>\n\t\t\t\t\t\t<textarea class=\"elementor-field-textual elementor-field  elementor-size-sm\" name=\"form_fields[message]\" id=\"form-field-message\" rows=\"4\" placeholder=\"Ovdje upi\u0161ite svoju poruku\"><\/textarea>\t\t\t\t<\/div>\n\t\t\t\t\t\t\t\t<div class=\"elementor-field-type-acceptance elementor-field-group elementor-column elementor-field-group-field_ee539a5 elementor-col-100 elementor-field-required\">\n\t\t\t\t\t\t\t<div class=\"elementor-field-subgroup\">\n\t\t\t<span class=\"elementor-field-option\">\n\t\t\t\t<input type=\"checkbox\" name=\"form_fields[field_ee539a5]\" id=\"form-field-field_ee539a5\" class=\"elementor-field elementor-size-sm  elementor-acceptance-field\" required=\"required\">\n\t\t\t\t<label for=\"form-field-field_ee539a5\">Klikom, sla\u017eete se s Politikom privatnosti<\/label>\t\t\t<\/span>\n\t\t<\/div>\n\t\t\t\t\t\t<\/div>\n\t\t\t\t\t\t\t\t<div class=\"elementor-field-group elementor-column elementor-field-type-submit elementor-col-100 e-form__buttons\">\n\t\t\t\t\t<button class=\"elementor-button elementor-size-sm\" type=\"submit\">\n\t\t\t\t\t\t<span class=\"elementor-button-content-wrapper\">\n\t\t\t\t\t\t\t\t\t\t\t\t\t\t\t\t\t\t\t\t\t\t<span class=\"elementor-button-text\">PO\u0160ALJI<\/span>\n\t\t\t\t\t\t\t\t\t\t\t\t\t<\/span>\n\t\t\t\t\t<\/button>\n\t\t\t\t<\/div>\n\t\t\t<\/div>\n\t\t<input type=\"hidden\" name=\"trp-form-language\" value=\"hr\"\/><\/form>\n\t\t\t\t\t\t<\/div>\n\t\t\t\t<\/div>\n\t\t<div class=\"elementor-element elementor-element-b7ae53f e-con-full e-flex e-con e-child\" data-id=\"b7ae53f\" data-element_type=\"container\" data-settings=\"{&quot;background_background&quot;:&quot;classic&quot;}\">\n\t\t<div class=\"elementor-element elementor-element-9357ecd e-con-full e-flex e-con e-child\" data-id=\"9357ecd\" data-element_type=\"container\">\n\t\t\t\t<div class=\"elementor-element elementor-element-f55e37a elementor-widget elementor-widget-heading\" data-id=\"f55e37a\" data-element_type=\"widget\" data-widget_type=\"heading.default\">\n\t\t\t\t\t<h2 class=\"elementor-heading-title elementor-size-default\">OP\u0106E INFORMACIJE<\/h2>\t\t\t\t<\/div>\n\t\t\t\t<div class=\"elementor-element elementor-element-b722a3a elementor-widget elementor-widget-text-editor\" data-id=\"b722a3a\" data-element_type=\"widget\" data-widget_type=\"text-editor.default\">\n\t\t\t\t\t\t\t\t\t<p><a href=\"mailto:info@skipperhotline.eu\"><span style=\"white-space-collapse: preserve;\">info@skipperhotline.eu<\/span><\/a><\/p>\t\t\t\t\t\t\t\t<\/div>\n\t\t\t\t<\/div>\n\t\t<div class=\"elementor-element elementor-element-3ec134f e-con-full e-flex e-con e-child\" data-id=\"3ec134f\" data-element_type=\"container\">\n\t\t\t\t<div class=\"elementor-element elementor-element-bfe7966 elementor-widget elementor-widget-heading\" data-id=\"bfe7966\" data-element_type=\"widget\" data-widget_type=\"heading.default\">\n\t\t\t\t\t<h2 class=\"elementor-heading-title elementor-size-default\">NAJAM PLOVILA<\/h2>\t\t\t\t<\/div>\n\t\t\t\t<div class=\"elementor-element elementor-element-dd32deb elementor-widget elementor-widget-text-editor\" data-id=\"dd32deb\" data-element_type=\"widget\" data-widget_type=\"text-editor.default\">\n\t\t\t\t\t\t\t\t\t<a href=\"mailto:booking@skipperhotline.eu\"><span style=\"white-space-collapse: preserve;\">booking@skipperhotline.eu<\/span><\/a>\t\t\t\t\t\t\t\t<\/div>\n\t\t\t\t<\/div>\n\t\t<div class=\"elementor-element elementor-element-dbf8797 e-con-full e-flex e-con e-child\" data-id=\"dbf8797\" data-element_type=\"container\">\n\t\t\t\t<div class=\"elementor-element elementor-element-d3e9b1a elementor-widget elementor-widget-heading\" data-id=\"d3e9b1a\" data-element_type=\"widget\" data-widget_type=\"heading.default\">\n\t\t\t\t\t<h2 class=\"elementor-heading-title elementor-size-default\">TELEFON\/WHATSAPP<\/h2>\t\t\t\t<\/div>\n\t\t\t\t<div class=\"elementor-element elementor-element-04ba561 elementor-widget elementor-widget-text-editor\" data-id=\"04ba561\" data-element_type=\"widget\" data-widget_type=\"text-editor.default\">\n\t\t\t\t\t\t\t\t\t<a href=\"tel:00385915911123\"><span style=\"white-space-collapse: preserve;\">+385 (0) 91 591 1123<\/span><\/a>\t\t\t\t\t\t\t\t<\/div>\n\t\t\t\t<\/div>\n\t\t\t\t<\/div>\n\t\t\t\t\t<\/div>\n\t\t\t\t<\/div>\n\t\t\t\t<\/div>","protected":false},"excerpt":{"rendered":"<p>About us Name: Filip \u0110uri\u0107Age: 32Languages I speak: English, Slovenian, CroatianProfessional Skipper: since 2014Sailing experience: lifelong About us Currently,\u00a0Skipper\u00a0HOTLINE operates\u00a0as\u00a0a\u00a0one-man operation.\u00a0I&#8217;m\u00a0Filip\u00a0\u0110uri\u0107,\u00a0aged 32,\u00a0and\u00a0I\u00a0come\u00a0from\u00a0Rijeka.\u00a0I have\u00a0been\u00a0sailing\u00a0with\u00a0my\u00a0family since\u00a0childhood.\u00a0At\u00a0the\u00a0age\u00a0of 19,\u00a0I\u00a0began\u00a0sailing independently,\u00a0and\u00a0by\u00a022,\u00a0I established\u00a0myself\u00a0as\u00a0a professional\u00a0skipper,\u00a0sailing instructor,\u00a0and\u00a0skipper\u00a0trainer.\u200b I\u00a0have\u00a0worked\u00a0with\u00a0numerous charters\u00a0in\u00a0Croatia\u00a0and\u00a0I\u00a0held theoretical\u00a0and\u00a0practical\u00a0sailing and\u00a0skipper\u00a0training\u00a0sessions\u00a0in Slovenia\u00a0and\u00a0Croatia.\u00a0These programs\u00a0aim\u00a0not\u00a0only\u00a0to prepare\u00a0new\u00a0sailors\u00a0for\u00a0their exams\u00a0but,\u00a0more\u00a0importantly,\u00a0to equip\u00a0them\u00a0with\u00a0the\u00a0skills\u00a0and knowledge\u00a0necessary\u00a0for\u00a0safe sailing\u00a0in\u00a0the\u00a0Adriatic\u00a0Sea.\u200b With\u00a0the\u00a0launch\u00a0of\u00a0Skipper HOTLINE\u00a0as\u00a0the\u00a0next\u00a0chapter\u00a0in my\u00a0sailing\u00a0career,\u00a0I\u00a0am\u00a0dedicated to\u00a0guiding\u00a0amateur\u00a0sailors through\u00a0the\u00a0joys\u00a0of\u00a0sailing. Embark\u00a0on\u00a0this\u00a0thrilling adventure\u00a0with\u00a0me\u00a0and\u00a0sail\u00a0with confidence\u00a0and\u00a0joy\u00a0like\u00a0never before! Contact us GENERAL INFO info@skipperhotline.eu BOOKING [&hellip;]<\/p>","protected":false},"author":1,"featured_media":1725,"parent":0,"menu_order":0,"comment_status":"closed","ping_status":"closed","template":"","meta":{"inline_featured_image":false,"footnotes":""},"class_list":["post-15","page","type-page","status-publish","has-post-thumbnail","hentry"],"yoast_head":"<!-- This site is optimized with the Yoast SEO plugin v26.4 - https:\/\/yoast.com\/wordpress\/plugins\/seo\/ -->\n<title>About Us - Skipper Hotline &amp; Boat Booking Croatia<\/title>\n<meta name=\"description\" content=\"Meet Filip \u0110uri\u0107, a seasoned skipper from Rijeka with over a decade of sailing experience. At Skipperhotline, we offer expert skipper services and training to ensure safe and enjoyable sailing adventures in the Adriatic Sea.\" \/>\n<meta name=\"robots\" content=\"index, follow, max-snippet:-1, max-image-preview:large, max-video-preview:-1\" \/>\n<link rel=\"canonical\" href=\"https:\/\/skipperhotline.eu\/hr\/about-us\/\" \/>\n<meta property=\"og:locale\" content=\"hr_HR\" \/>\n<meta property=\"og:type\" content=\"article\" \/>\n<meta property=\"og:title\" content=\"About us - Skipper Hotline &amp; Boat Booking Croatia\" \/>\n<meta property=\"og:description\" content=\"Meet Filip \u0110uri\u0107, a seasoned skipper from Rijeka with over a decade of sailing experience. At Skipperhotline, we offer expert skipper services and training to ensure safe and enjoyable sailing adventures in the Adriatic Sea.\" \/>\n<meta property=\"og:url\" content=\"https:\/\/skipperhotline.eu\/hr\/about-us\/\" \/>\n<meta property=\"og:site_name\" content=\"Skipperhotline &amp; Boat Booking Croatia\" \/>\n<meta property=\"article:publisher\" content=\"https:\/\/www.facebook.com\/skipper.hotline\" \/>\n<meta property=\"article:modified_time\" content=\"2025-06-10T16:55:39+00:00\" \/>\n<meta property=\"og:image\" content=\"https:\/\/skipperhotline.eu\/wp-content\/uploads\/2024\/11\/link-preview-02.jpg\" \/>\n\t<meta property=\"og:image:width\" content=\"1200\" \/>\n\t<meta property=\"og:image:height\" content=\"675\" \/>\n\t<meta property=\"og:image:type\" content=\"image\/jpeg\" \/>\n<meta name=\"twitter:card\" content=\"summary_large_image\" \/>\n<meta name=\"twitter:title\" content=\"About us - Skipper Hotline &amp; Boat Booking Croatia\" \/>\n<meta name=\"twitter:description\" content=\"Meet Filip \u0110uri\u0107, a seasoned skipper from Rijeka with over a decade of sailing experience. At Skipperhotline, we offer expert skipper services and training to ensure safe and enjoyable sailing adventures in the Adriatic Sea.\" \/>\n<meta name=\"twitter:image\" content=\"https:\/\/skipperhotline.eu\/wp-content\/uploads\/2024\/11\/link-preview-02.jpg\" \/>\n<meta name=\"twitter:label1\" content=\"Procijenjeno vrijeme \u010ditanja\" \/>\n\t<meta name=\"twitter:data1\" content=\"1 minuta\" \/>\n<script type=\"application\/ld+json\" class=\"yoast-schema-graph\">{\"@context\":\"https:\/\/schema.org\",\"@graph\":[{\"@type\":\"WebPage\",\"@id\":\"https:\/\/skipperhotline.eu\/about-us\/\",\"url\":\"https:\/\/skipperhotline.eu\/about-us\/\",\"name\":\"About Us - Skipper Hotline & Boat Booking Croatia\",\"isPartOf\":{\"@id\":\"https:\/\/skipperhotline.eu\/#website\"},\"primaryImageOfPage\":{\"@id\":\"https:\/\/skipperhotline.eu\/about-us\/#primaryimage\"},\"image\":{\"@id\":\"https:\/\/skipperhotline.eu\/about-us\/#primaryimage\"},\"thumbnailUrl\":\"https:\/\/skipperhotline.eu\/wp-content\/uploads\/2024\/11\/logo-preview-02b.jpg\",\"datePublished\":\"2024-09-05T08:04:13+00:00\",\"dateModified\":\"2025-06-10T16:55:39+00:00\",\"description\":\"Meet Filip \u0110uri\u0107, a seasoned skipper from Rijeka with over a decade of sailing experience. At Skipperhotline, we offer expert skipper services and training to ensure safe and enjoyable sailing adventures in the Adriatic Sea.\",\"breadcrumb\":{\"@id\":\"https:\/\/skipperhotline.eu\/about-us\/#breadcrumb\"},\"inLanguage\":\"hr\",\"potentialAction\":[{\"@type\":\"ReadAction\",\"target\":[\"https:\/\/skipperhotline.eu\/about-us\/\"]}]},{\"@type\":\"ImageObject\",\"inLanguage\":\"hr\",\"@id\":\"https:\/\/skipperhotline.eu\/about-us\/#primaryimage\",\"url\":\"https:\/\/skipperhotline.eu\/wp-content\/uploads\/2024\/11\/logo-preview-02b.jpg\",\"contentUrl\":\"https:\/\/skipperhotline.eu\/wp-content\/uploads\/2024\/11\/logo-preview-02b.jpg\",\"width\":1366,\"height\":1366,\"caption\":\"thumbnail\"},{\"@type\":\"BreadcrumbList\",\"@id\":\"https:\/\/skipperhotline.eu\/about-us\/#breadcrumb\",\"itemListElement\":[{\"@type\":\"ListItem\",\"position\":1,\"name\":\"Home\",\"item\":\"https:\/\/skipperhotline.eu\/\"},{\"@type\":\"ListItem\",\"position\":2,\"name\":\"About Us\"}]},{\"@type\":\"WebSite\",\"@id\":\"https:\/\/skipperhotline.eu\/#website\",\"url\":\"https:\/\/skipperhotline.eu\/\",\"name\":\"Skipper Hotline & Boat Booking Croatia\",\"description\":\"Sail with Confidence\",\"publisher\":{\"@id\":\"https:\/\/skipperhotline.eu\/#organization\"},\"potentialAction\":[{\"@type\":\"SearchAction\",\"target\":{\"@type\":\"EntryPoint\",\"urlTemplate\":\"https:\/\/skipperhotline.eu\/?s={search_term_string}\"},\"query-input\":{\"@type\":\"PropertyValueSpecification\",\"valueRequired\":true,\"valueName\":\"search_term_string\"}}],\"inLanguage\":\"hr\"},{\"@type\":\"Organization\",\"@id\":\"https:\/\/skipperhotline.eu\/#organization\",\"name\":\"Skipperhotline & Boat Booking Croatia\",\"url\":\"https:\/\/skipperhotline.eu\/\",\"logo\":{\"@type\":\"ImageObject\",\"inLanguage\":\"hr\",\"@id\":\"https:\/\/skipperhotline.eu\/#\/schema\/logo\/image\/\",\"url\":\"https:\/\/skipperhotline.eu\/wp-content\/uploads\/2024\/09\/site-icon.png\",\"contentUrl\":\"https:\/\/skipperhotline.eu\/wp-content\/uploads\/2024\/09\/site-icon.png\",\"width\":512,\"height\":512,\"caption\":\"Skipperhotline & Boat Booking Croatia\"},\"image\":{\"@id\":\"https:\/\/skipperhotline.eu\/#\/schema\/logo\/image\/\"},\"sameAs\":[\"https:\/\/www.facebook.com\/skipper.hotline\",\"https:\/\/www.instagram.com\/skipper_hotline\/\"]}]}<\/script>\n<!-- \/ Yoast SEO plugin. -->","yoast_head_json":{"title":"About Us - Skipper Hotline & Boat Booking Croatia","description":"Meet Filip \u0110uri\u0107, a seasoned skipper from Rijeka with over a decade of sailing experience. At Skipperhotline, we offer expert skipper services and training to ensure safe and enjoyable sailing adventures in the Adriatic Sea.","robots":{"index":"index","follow":"follow","max-snippet":"max-snippet:-1","max-image-preview":"max-image-preview:large","max-video-preview":"max-video-preview:-1"},"canonical":"https:\/\/skipperhotline.eu\/hr\/about-us\/","og_locale":"hr_HR","og_type":"article","og_title":"About us - Skipper Hotline & Boat Booking Croatia","og_description":"Meet Filip \u0110uri\u0107, a seasoned skipper from Rijeka with over a decade of sailing experience. At Skipperhotline, we offer expert skipper services and training to ensure safe and enjoyable sailing adventures in the Adriatic Sea.","og_url":"https:\/\/skipperhotline.eu\/hr\/about-us\/","og_site_name":"Skipperhotline &amp; Boat Booking Croatia","article_publisher":"https:\/\/www.facebook.com\/skipper.hotline","article_modified_time":"2025-06-10T16:55:39+00:00","og_image":[{"width":1200,"height":675,"url":"https:\/\/skipperhotline.eu\/wp-content\/uploads\/2024\/11\/link-preview-02.jpg","type":"image\/jpeg"}],"twitter_card":"summary_large_image","twitter_title":"About us - Skipper Hotline & Boat Booking Croatia","twitter_description":"Meet Filip \u0110uri\u0107, a seasoned skipper from Rijeka with over a decade of sailing experience. At Skipperhotline, we offer expert skipper services and training to ensure safe and enjoyable sailing adventures in the Adriatic Sea.","twitter_image":"https:\/\/skipperhotline.eu\/wp-content\/uploads\/2024\/11\/link-preview-02.jpg","twitter_misc":{"Procijenjeno vrijeme \u010ditanja":"1 minuta"},"schema":{"@context":"https:\/\/schema.org","@graph":[{"@type":"WebPage","@id":"https:\/\/skipperhotline.eu\/about-us\/","url":"https:\/\/skipperhotline.eu\/about-us\/","name":"About Us - Skipper Hotline & Boat Booking Croatia","isPartOf":{"@id":"https:\/\/skipperhotline.eu\/#website"},"primaryImageOfPage":{"@id":"https:\/\/skipperhotline.eu\/about-us\/#primaryimage"},"image":{"@id":"https:\/\/skipperhotline.eu\/about-us\/#primaryimage"},"thumbnailUrl":"https:\/\/skipperhotline.eu\/wp-content\/uploads\/2024\/11\/logo-preview-02b.jpg","datePublished":"2024-09-05T08:04:13+00:00","dateModified":"2025-06-10T16:55:39+00:00","description":"Meet Filip \u0110uri\u0107, a seasoned skipper from Rijeka with over a decade of sailing experience. At Skipperhotline, we offer expert skipper services and training to ensure safe and enjoyable sailing adventures in the Adriatic Sea.","breadcrumb":{"@id":"https:\/\/skipperhotline.eu\/about-us\/#breadcrumb"},"inLanguage":"hr","potentialAction":[{"@type":"ReadAction","target":["https:\/\/skipperhotline.eu\/about-us\/"]}]},{"@type":"ImageObject","inLanguage":"hr","@id":"https:\/\/skipperhotline.eu\/about-us\/#primaryimage","url":"https:\/\/skipperhotline.eu\/wp-content\/uploads\/2024\/11\/logo-preview-02b.jpg","contentUrl":"https:\/\/skipperhotline.eu\/wp-content\/uploads\/2024\/11\/logo-preview-02b.jpg","width":1366,"height":1366,"caption":"thumbnail"},{"@type":"BreadcrumbList","@id":"https:\/\/skipperhotline.eu\/about-us\/#breadcrumb","itemListElement":[{"@type":"ListItem","position":1,"name":"Home","item":"https:\/\/skipperhotline.eu\/"},{"@type":"ListItem","position":2,"name":"About Us"}]},{"@type":"WebSite","@id":"https:\/\/skipperhotline.eu\/#website","url":"https:\/\/skipperhotline.eu\/","name":"Skipper Hotline & Boat Booking Croatia","description":"Sail with Confidence","publisher":{"@id":"https:\/\/skipperhotline.eu\/#organization"},"potentialAction":[{"@type":"SearchAction","target":{"@type":"EntryPoint","urlTemplate":"https:\/\/skipperhotline.eu\/?s={search_term_string}"},"query-input":{"@type":"PropertyValueSpecification","valueRequired":true,"valueName":"search_term_string"}}],"inLanguage":"hr"},{"@type":"Organization","@id":"https:\/\/skipperhotline.eu\/#organization","name":"Skipperhotline & Boat Booking Croatia","url":"https:\/\/skipperhotline.eu\/","logo":{"@type":"ImageObject","inLanguage":"hr","@id":"https:\/\/skipperhotline.eu\/#\/schema\/logo\/image\/","url":"https:\/\/skipperhotline.eu\/wp-content\/uploads\/2024\/09\/site-icon.png","contentUrl":"https:\/\/skipperhotline.eu\/wp-content\/uploads\/2024\/09\/site-icon.png","width":512,"height":512,"caption":"Skipperhotline & Boat Booking Croatia"},"image":{"@id":"https:\/\/skipperhotline.eu\/#\/schema\/logo\/image\/"},"sameAs":["https:\/\/www.facebook.com\/skipper.hotline","https:\/\/www.instagram.com\/skipper_hotline\/"]}]}},"_links":{"self":[{"href":"https:\/\/skipperhotline.eu\/hr\/wp-json\/wp\/v2\/pages\/15","targetHints":{"allow":["GET"]}}],"collection":[{"href":"https:\/\/skipperhotline.eu\/hr\/wp-json\/wp\/v2\/pages"}],"about":[{"href":"https:\/\/skipperhotline.eu\/hr\/wp-json\/wp\/v2\/types\/page"}],"author":[{"embeddable":true,"href":"https:\/\/skipperhotline.eu\/hr\/wp-json\/wp\/v2\/users\/1"}],"replies":[{"embeddable":true,"href":"https:\/\/skipperhotline.eu\/hr\/wp-json\/wp\/v2\/comments?post=15"}],"version-history":[{"count":64,"href":"https:\/\/skipperhotline.eu\/hr\/wp-json\/wp\/v2\/pages\/15\/revisions"}],"predecessor-version":[{"id":2779,"href":"https:\/\/skipperhotline.eu\/hr\/wp-json\/wp\/v2\/pages\/15\/revisions\/2779"}],"wp:featuredmedia":[{"embeddable":true,"href":"https:\/\/skipperhotline.eu\/hr\/wp-json\/wp\/v2\/media\/1725"}],"wp:attachment":[{"href":"https:\/\/skipperhotline.eu\/hr\/wp-json\/wp\/v2\/media?parent=15"}],"curies":[{"name":"wp","href":"https:\/\/api.w.org\/{rel}","templated":true}]}}